{"id":2163,"date":"2020-06-24T23:53:58","date_gmt":"2020-06-24T21:53:58","guid":{"rendered":"https:\/\/www.agatas.de\/cms\/?page_id=2163"},"modified":"2021-10-21T15:54:17","modified_gmt":"2021-10-21T13:54:17","slug":"kochkurse","status":"publish","type":"page","link":"https:\/\/www.agatas.de\/cms\/kochkurse\/","title":{"rendered":"Kochkurse"},"content":{"rendered":"<h2>Kochkurse im Agata&#8217;s<\/h2>\n<p>Liebe Freunde und G\u00e4ste des Agata\u2019s,<\/p>\n<p>nehmen Sie sich Zeit f\u00fcr Dinge die gl\u00fccklich machen und erweitern Sie Ihren kulinarischen Horizont.<\/p>\n<p>Kreative Men\u00fcs, frische Zutaten, ein Chefkoch an der Seite der Ihnen Tipps und Tricks zeigt, lockere Gespr\u00e4che und erfrischende Getr\u00e4nke. Das und vieles mehr erwartet Sie bei unseren Kochkursen im Agata\u2019s:<\/p>\n<ul>\n<li>nach individueller Terminvereinbarung<\/li>\n<li>f\u00fcr 6-10 Personen<\/li>\n<li>ab \u20ac 250,00 pro Teilnehmer<\/li>\n<li>inklusive Getr\u00e4nke<\/li>\n<\/ul>\n<p>Planen Sie einen spannenden Kochkurs f\u00fcr Ihre Familie, Freunde oder Arbeitskollegen und verbringen Sie eine abwechslungsreiche Zeit mit dem Team vom Agata\u2019s.<\/p>\n<p>Die Kurstermine finden nach individueller Vereinbarung statt.<\/p>\n<p>F\u00fcr Reservierungen oder Fragen zum Thema Kochkurs oder rund um das Agata&#8217;s stehen wir Ihnen jederzeit zur Verf\u00fcgung. Bitte rufen Sie uns dazu einfach an oder schreiben Sie uns eine E-Mail.<\/p>\n<p>Eure Agata<\/p>\n\n            <div class=\"fy-shortcode-form\">\n\t\t\t\t\n\t\t<div id=\"contact-form\" class=\"fy-form fy-form-contact a-form a-form-contact\">\n\n\t\t\t\t\t\t\t<div class=\"fy-form-header a-form-header cs-contact-title\">\n\t\t\t\t\t<h2>Kontaktieren Sie uns<\/h2>\n\t\t\t\t<\/div>\n\t\t\t\n\t\t\t\t<form action=\"https:\/\/www.agatas.de\/cms\/kochkurse\/#contact-form\" id=\"form-contact\" method=\"post\">\n\n\t\t\t\t\t<div class=\"fy-flex-container a-flex-container\">\n\n\t\t\t\t\t\t\n\t\t\t\t\t\t<div class=\"fy-flex-column-auto a-flex-column-auto fy-flex-column-phone-100 a-flex-column-phone-100\">\n\t\t\t\t\t\t\t<div class=\"fy-field-name fy-field a-field-name a-field\">\n\n\t\t\t\t\t\t\t\t<label for=\"fy_name\"\n\t\t\t\t\t\t\t\t       class=\"fy-label a-label\">\n\t\t\t\t\t\t\t\t\tName\n\t\t\t\t\t\t\t\t\t<abbr title=\"Erforderlich\"\n\t\t\t\t\t\t\t\t\t      class=\"fy-required a-required\">*<\/abbr>\n\t\t\t\t\t\t\t\t<\/label>\n\n\t\t\t\t\t\t\t\t<input type=\"text\" id=\"fy_name\" name=\"fy_name\" autocomplete=\"name\"\n\t\t\t\t\t\t\t\t       class=\"fy-input a-input\"\n\t\t\t\t\t\t\t\t       value=\"\"\n\t\t\t\t\t\t\t\t       placeholder=\"Name ...\">\n\n\t\t\t\t\t\t\t\t\t\t\t\t\t\t\t<\/div>\n\t\t\t\t\t\t<\/div>\n\n\t\t\t\t\t\t\n\t\t\t\t\t\t<div class=\"fy-flex-column-auto a-flex-column-auto fy-flex-column-phone-100 a-flex-column-phone-100\">\n\t\t\t\t\t\t\t<div class=\"fy-field-email fy-field a-field-email a-field\">\n\n\t\t\t\t\t\t\t\t<label for=\"fy_email\"\n\t\t\t\t\t\t\t\t       class=\"fy-label a-label\">\n\t\t\t\t\t\t\t\t\tEmail\n\t\t\t\t\t\t\t\t\t<abbr title=\"Erforderlich\"\n\t\t\t\t\t\t\t\t\t      class=\"fy-required a-required\">*<\/abbr>\n\t\t\t\t\t\t\t\t<\/label>\n\n\t\t\t\t\t\t\t\t<input type=\"text\" id=\"fy_email\" name=\"fy_email\" autocomplete=\"email\"\n\t\t\t\t\t\t\t\t       class=\"fy-input a-input\"\n\t\t\t\t\t\t\t\t       value=\"\"\n\t\t\t\t\t\t\t\t       placeholder=\"Email ...\">\n\n\t\t\t\t\t\t\t\t\t\t\t\t\t\t\t<\/div>\n\t\t\t\t\t\t<\/div>\n\n\t\t\t\t\t\t\n\t\t\t\t\t\t<div class=\"fy-flex-column-auto a-flex-column-auto fy-flex-column-phone-100 a-flex-column-phone-100\">\n\t\t\t\t\t\t\t<div class=\"fy-field-phone fy-field a-field-phone a-field\">\n\n\t\t\t\t\t\t\t\t<label for=\"fy_phone\"\n\t\t\t\t\t\t\t\t       class=\"fy-label a-label\">\n\t\t\t\t\t\t\t\t\tTelefon\n\t\t\t\t\t\t\t\t\t\t\t\t\t\t\t\t\t\t\t<abbr title=\"Erforderlich\"\n\t\t\t\t\t\t\t\t\t\t      class=\"fy-required a-required\">*<\/abbr>\n\t\t\t\t\t\t\t\t\t\t\t\t\t\t\t\t\t<\/label>\n\n\t\t\t\t\t\t\t\t<input type=\"text\" id=\"fy_phone\" name=\"fy_phone\" autocomplete=\"tel\"\n\t\t\t\t\t\t\t\t       class=\"fy-input a-input\"\n\t\t\t\t\t\t\t\t       value=\"\"\n\t\t\t\t\t\t\t\t       placeholder=\"Telefon ...\">\n\n\t\t\t\t\t\t\t\t\n\t\t\t\t\t\t\t<\/div>\n\t\t\t\t\t\t<\/div>\n\n\t\t\t\t\t<\/div>\n\n\t\t\t\t\t\n\t\t\t\t\t<div class=\"fy-field-message fy-field a-field-message a-field\">\n\n\t\t\t\t\t\t<label for=\"fy_message\"\n\t\t\t\t\t\t       class=\"fy-label a-label\">\n\t\t\t\t\t\t\tNachricht\n\t\t\t\t\t\t\t<abbr title=\"Erforderlich\"\n\t\t\t\t\t\t\t      class=\"fy-required a-required\">*<\/abbr>\n\t\t\t\t\t\t<\/label>\n\n\t\t\t\t\t\t<textarea id=\"fy_message\" name=\"fy_message\"\n\t\t\t\t\t\t          class=\"fy-input a-input fy-textarea a-textarea\"\n\t\t\t\t\t\t          placeholder=\"Nachricht ...\"><\/textarea>\n\n\t\t\t\t\t\t\t\t\t\t\t<\/div>\n\n\t\t\t\t\t\t\t\t\t\t\t<div class=\"fy-form-recaptcha a-form-recaptcha\">\n\t\t\t\t\t\t\t\n<!-- BEGIN recaptcha, injected by plugin wp-recaptcha-integration  -->\n<div  id=\"g-recaptcha-0\" class=\"g-recaptcha\" data-sitekey=\"6LclbXQUAAAAABOESJ5GvXGPU9QJDPnp8UqVOTmp\" data-theme=\"light\"><\/div><noscript>Please enable JavaScript to submit this form.<br><\/noscript>\n<!-- END recaptcha -->\n\t\t\t\t\t\t<\/div>\n\t\t\t\t\t\n\t\t\t\t\t<div class=\"fy-form-submit a-form-submit\">\n\n\t\t\t\t\t\t<input type=\"hidden\" name=\"contact_submitted\" id=\"contact_submitted\" value=\"true\">\n\n\t\t\t\t\t\t<button type=\"submit\" name=\"button-submit\"\n\t\t\t\t\t\t        class=\"fy-button a-button fy-button-accent a-button-accent\">\n\t\t\t\t\t\t\tAbsenden\t\t\t\t\t\t<\/button>\n\n\t\t\t\t\t<\/div>\n\n\t\t\t\t<\/form>\n\n\t\t\t\n\t\t<\/div>\n\n\t            <\/div>\n\n\t\t\t\n","protected":false},"excerpt":{"rendered":"<p>Kochkurse im Agata&#8217;s Liebe Freunde und G\u00e4ste des Agata\u2019s, nehmen Sie sich Zeit f\u00fcr Dinge die gl\u00fccklich machen und erweitern Sie Ihren kulinarischen Horizont. Kreative Men\u00fcs, frische Zutaten, ein Chefkoch &#8230;<\/p>\n","protected":false},"author":1,"featured_media":0,"parent":0,"menu_order":0,"comment_status":"closed","ping_status":"closed","template":"template-page-75.php","meta":{"footnotes":""},"class_list":["post-2163","page","type-page","status-publish","hentry"],"_links":{"self":[{"href":"https:\/\/www.agatas.de\/cms\/wp-json\/wp\/v2\/pages\/2163","targetHints":{"allow":["GET"]}}],"collection":[{"href":"https:\/\/www.agatas.de\/cms\/wp-json\/wp\/v2\/pages"}],"about":[{"href":"https:\/\/www.agatas.de\/cms\/wp-json\/wp\/v2\/types\/page"}],"author":[{"embeddable":true,"href":"https:\/\/www.agatas.de\/cms\/wp-json\/wp\/v2\/users\/1"}],"replies":[{"embeddable":true,"href":"https:\/\/www.agatas.de\/cms\/wp-json\/wp\/v2\/comments?post=2163"}],"version-history":[{"count":18,"href":"https:\/\/www.agatas.de\/cms\/wp-json\/wp\/v2\/pages\/2163\/revisions"}],"predecessor-version":[{"id":2450,"href":"https:\/\/www.agatas.de\/cms\/wp-json\/wp\/v2\/pages\/2163\/revisions\/2450"}],"wp:attachment":[{"href":"https:\/\/www.agatas.de\/cms\/wp-json\/wp\/v2\/media?parent=2163"}],"curies":[{"name":"wp","href":"https:\/\/api.w.org\/{rel}","templated":true}]}}